{"id":104,"date":"2022-12-11T20:45:38","date_gmt":"2022-12-11T19:45:38","guid":{"rendered":"https:\/\/www.msfk.nu\/?page_id=104"},"modified":"2026-02-27T13:49:38","modified_gmt":"2026-02-27T12:49:38","slug":"medlemsinfo","status":"publish","type":"page","link":"https:\/\/www.msfk.nu\/?page_id=104","title":{"rendered":"Medlemsinfo"},"content":{"rendered":"<h2><strong>Snabbl\u00e4nkar:<\/strong><\/h2>\n<p class=\"red\"><strong><a title=\"V\u00e5r Facebook sidan\" href=\"https:\/\/www.facebook.com\/malmo.segelflygklubb\">V\u00e5r Facebook sida<\/a><br \/><a href=\"https:\/\/www.instagram.com\/malmosegelflygklubb\">V\u00e5r instagram<\/a><br \/><a href=\"https:\/\/vm.tiktok.com\/ZNRPPs9Nd\/\">V\u00e5r Tiktok<\/a><\/strong><\/p>\n<p><a href=\"http:\/\/cam.msfk.nu\"><strong>Webcam S\u00f6vdef\u00e4ltet<\/strong><\/a><br \/><a href=\"http:\/\/www.lfv.se\/sv\/FPC\/AISMET\/\"><strong>Notam &amp; Flygv\u00e4der LFV<\/strong><\/a><br \/><strong><a href=\"http:\/\/rasp.skyltdirect.se\/scandinavia\/\">Termikprognos<\/a><\/strong><br \/><a href=\"http:\/\/vader.sjoboflyg.se\"><strong>S\u00f6vdef\u00e4ltets V\u00e4derstation<\/strong><\/a><\/p>\n<p><strong><a href=\"http:\/\/flygplats.sjoboflyg.se\/?page_id=7\">ESMI Drifthandbok<\/a><\/strong><\/p>\n\n\n<p class=\"has-medium-font-size\">Filer:<\/p>\n\n\n\n<p><a href=\"https:\/\/www.msfk.nu\/wp-content\/uploads\/2022\/12\/msfk-stadgar-godkanda-av-arsmotet-2017.pdf\" data-type=\"attachment\" data-id=\"201\" target=\"_blank\" rel=\"noreferrer noopener\">Stadgar 2017<\/a><br><a href=\"https:\/\/www.msfk.nu\/wp-content\/uploads\/2025\/08\/Blankett-Startjournal_2025.xls\" data-type=\"attachment\" data-id=\"282\">Startjournaler<\/a><br><a href=\"https:\/\/www.msfk.nu\/wp-content\/uploads\/2024\/07\/Blankett-Ansokan-om-medlemskap.pdf\" data-type=\"attachment\" data-id=\"252\" target=\"_blank\" rel=\"noreferrer noopener\">Medlemsans\u00f6kan<\/a><br><a href=\"https:\/\/www.msfk.nu\/wp-content\/uploads\/2024\/07\/Blankett-Malsmans-medgivande.pdf\" data-type=\"attachment\" data-id=\"251\" target=\"_blank\" rel=\"noreferrer noopener\">M\u00e5lsmans medgivande<\/a><\/p>\n\n\n\n<p>&nbsp;<\/p>\n","protected":false},"excerpt":{"rendered":"<p>Snabbl\u00e4nkar: V\u00e5r Facebook sidaV\u00e5r instagramV\u00e5r Tiktok Webcam S\u00f6vdef\u00e4ltetNotam &amp; Flygv\u00e4der LFVTermikprognosS\u00f6vdef\u00e4ltets V\u00e4derstation ESMI Drifthandbok Filer: Stadgar 2017StartjournalerMedlemsans\u00f6kanM\u00e5lsmans medgivande &nbsp;<\/p>\n","protected":false},"author":3,"featured_media":0,"parent":0,"menu_order":0,"comment_status":"closed","ping_status":"closed","template":"","meta":{"_kad_post_transparent":"default","_kad_post_title":"default","_kad_post_layout":"default","_kad_post_sidebar_id":"","_kad_post_content_style":"default","_kad_post_vertical_padding":"default","_kad_post_feature":"","_kad_post_feature_position":"","_kad_post_header":false,"_kad_post_footer":false,"footnotes":""},"class_list":["post-104","page","type-page","status-publish","hentry"],"_links":{"self":[{"href":"https:\/\/www.msfk.nu\/index.php?rest_route=\/wp\/v2\/pages\/104","targetHints":{"allow":["GET"]}}],"collection":[{"href":"https:\/\/www.msfk.nu\/index.php?rest_route=\/wp\/v2\/pages"}],"about":[{"href":"https:\/\/www.msfk.nu\/index.php?rest_route=\/wp\/v2\/types\/page"}],"author":[{"embeddable":true,"href":"https:\/\/www.msfk.nu\/index.php?rest_route=\/wp\/v2\/users\/3"}],"replies":[{"embeddable":true,"href":"https:\/\/www.msfk.nu\/index.php?rest_route=%2Fwp%2Fv2%2Fcomments&post=104"}],"version-history":[{"count":13,"href":"https:\/\/www.msfk.nu\/index.php?rest_route=\/wp\/v2\/pages\/104\/revisions"}],"predecessor-version":[{"id":304,"href":"https:\/\/www.msfk.nu\/index.php?rest_route=\/wp\/v2\/pages\/104\/revisions\/304"}],"wp:attachment":[{"href":"https:\/\/www.msfk.nu\/index.php?rest_route=%2Fwp%2Fv2%2Fmedia&parent=104"}],"curies":[{"name":"wp","href":"https:\/\/api.w.org\/{rel}","templated":true}]}}