{"id":118,"date":"2022-12-12T17:53:07","date_gmt":"2022-12-12T16:53:07","guid":{"rendered":"https:\/\/www.msfk.nu\/?page_id=118"},"modified":"2022-12-18T21:15:26","modified_gmt":"2022-12-18T20:15:26","slug":"sjobo-flygklubb-motorflyg","status":"publish","type":"page","link":"https:\/\/www.msfk.nu\/?page_id=118","title":{"rendered":"Sj\u00f6bo Flygklubb &#8211; Motorflyg"},"content":{"rendered":"\n<h1 class=\"wp-block-heading\" id=\"ContentStart\"><\/h1>\n\n\n<div class=\"wp-block-image\">\n<figure class=\"aligncenter size-full\"><img loading=\"lazy\" decoding=\"async\" width=\"445\" height=\"95\" src=\"https:\/\/www.msfk.nu\/wp-content\/uploads\/2022\/12\/sjobofk.png\" alt=\"\" class=\"wp-image-119\" srcset=\"https:\/\/www.msfk.nu\/wp-content\/uploads\/2022\/12\/sjobofk.png 445w, https:\/\/www.msfk.nu\/wp-content\/uploads\/2022\/12\/sjobofk-300x64.png 300w\" sizes=\"auto, (max-width: 445px) 100vw, 445px\" \/><\/figure><\/div>\n\n\n<p>Sj\u00f6bo Flygklubb bildades 1964, d\u00e5 under namnet Ystads Flygklubb. Avsikten den g\u00e5ngen var att senare flytta verksamheten till Nybrof\u00e4ltet \u00f6ster om Ystad. Tjugo \u00e5r senare fanns klubben fortfarande kvar p\u00e5 S\u00f6vde f\u00e4ltet varf\u00f6r namnet \u00e4ndrades till Sj\u00f6bo Flygklubb.<\/p>\n\n\n\n<p>Sj\u00f6bo Flygklubb \u00e4r en ideell f\u00f6rening ansluten till KSAK, Kungliga Svenska Aeroklubben.<\/p>\n\n\n\n<p>Sj\u00f6bo Flygklubb har ingen anst\u00e4lld personal, utan allt arbete som beh\u00f6vs f\u00f6r att h\u00e5lla verksamheten ig\u00e5ng, utf\u00f6rs av medlemmarna sj\u00e4lva.<\/p>\n\n\n\n<p>Klubben har steg f\u00f6r steg byggt upp verksamheten och disponerar idag egen klubbstuga och hangarer. Motorflygstr\u00e5ket \u00e4r 800 m l\u00e5ngt och har godk\u00e4nd belysning f\u00f6r m\u00f6rkerflygning.<\/p>\n\n\n\n<p>Sj\u00f6bo FK flyger med 1 st&nbsp;PA28 och 1 st Cessna 172S:&nbsp;<\/p>\n\n\n\n<p><a href=\"http:\/\/www.sjoboflyg.se\">L\u00e4nk till Sj\u00f6bo flygklubbs hemsida.<\/a><\/p>\n\n\n\n<p><strong>SE-LOH<\/strong><\/p>\n\n\n\n<figure class=\"wp-block-image size-full\"><img loading=\"lazy\" decoding=\"async\" width=\"300\" height=\"161\" src=\"https:\/\/www.msfk.nu\/wp-content\/uploads\/2022\/12\/loh-onground.jpg\" alt=\"\" class=\"wp-image-162\"\/><\/figure>\n\n\n\n<p><strong>SE-LXN<\/strong><\/p>\n\n\n\n<figure class=\"wp-block-image size-full\"><img loading=\"lazy\" decoding=\"async\" width=\"300\" height=\"182\" src=\"https:\/\/www.msfk.nu\/wp-content\/uploads\/2022\/12\/lxn-onground-sjobo.jpg\" alt=\"\" class=\"wp-image-163\"\/><\/figure>\n","protected":false},"excerpt":{"rendered":"<p>Sj\u00f6bo Flygklubb bildades 1964, d\u00e5 under namnet Ystads Flygklubb. Avsikten den g\u00e5ngen var att senare flytta verksamheten till Nybrof\u00e4ltet \u00f6ster om Ystad. Tjugo \u00e5r senare fanns klubben fortfarande kvar p\u00e5 S\u00f6vde f\u00e4ltet varf\u00f6r namnet \u00e4ndrades till Sj\u00f6bo Flygklubb. Sj\u00f6bo Flygklubb \u00e4r en ideell f\u00f6rening ansluten till KSAK, Kungliga Svenska Aeroklubben. Sj\u00f6bo Flygklubb har ingen anst\u00e4lld&#8230;<\/p>\n","protected":false},"author":3,"featured_media":0,"parent":0,"menu_order":0,"comment_status":"closed","ping_status":"closed","template":"","meta":{"_kad_post_transparent":"","_kad_post_title":"","_kad_post_layout":"","_kad_post_sidebar_id":"","_kad_post_content_style":"","_kad_post_vertical_padding":"","_kad_post_feature":"","_kad_post_feature_position":"","_kad_post_header":false,"_kad_post_footer":false,"footnotes":""},"class_list":["post-118","page","type-page","status-publish","hentry"],"_links":{"self":[{"href":"https:\/\/www.msfk.nu\/index.php?rest_route=\/wp\/v2\/pages\/118","targetHints":{"allow":["GET"]}}],"collection":[{"href":"https:\/\/www.msfk.nu\/index.php?rest_route=\/wp\/v2\/pages"}],"about":[{"href":"https:\/\/www.msfk.nu\/index.php?rest_route=\/wp\/v2\/types\/page"}],"author":[{"embeddable":true,"href":"https:\/\/www.msfk.nu\/index.php?rest_route=\/wp\/v2\/users\/3"}],"replies":[{"embeddable":true,"href":"https:\/\/www.msfk.nu\/index.php?rest_route=%2Fwp%2Fv2%2Fcomments&post=118"}],"version-history":[{"count":2,"href":"https:\/\/www.msfk.nu\/index.php?rest_route=\/wp\/v2\/pages\/118\/revisions"}],"predecessor-version":[{"id":168,"href":"https:\/\/www.msfk.nu\/index.php?rest_route=\/wp\/v2\/pages\/118\/revisions\/168"}],"wp:attachment":[{"href":"https:\/\/www.msfk.nu\/index.php?rest_route=%2Fwp%2Fv2%2Fmedia&parent=118"}],"curies":[{"name":"wp","href":"https:\/\/api.w.org\/{rel}","templated":true}]}}