{"id":121,"date":"2022-12-12T17:56:29","date_gmt":"2022-12-12T16:56:29","guid":{"rendered":"https:\/\/www.msfk.nu\/?page_id=121"},"modified":"2022-12-12T17:56:29","modified_gmt":"2022-12-12T16:56:29","slug":"aventyrscampen","status":"publish","type":"page","link":"https:\/\/www.msfk.nu\/?page_id=121","title":{"rendered":"\u00c4ventyrscampen"},"content":{"rendered":"\n<figure class=\"wp-block-image size-full\"><img loading=\"lazy\" decoding=\"async\" width=\"611\" height=\"80\" src=\"https:\/\/www.msfk.nu\/wp-content\/uploads\/2022\/12\/Logoaventyr.png\" alt=\"\" class=\"wp-image-122\" srcset=\"https:\/\/www.msfk.nu\/wp-content\/uploads\/2022\/12\/Logoaventyr.png 611w, https:\/\/www.msfk.nu\/wp-content\/uploads\/2022\/12\/Logoaventyr-300x39.png 300w\" sizes=\"auto, (max-width: 611px) 100vw, 611px\" \/><\/figure>\n\n\n\n<p>Ren\u00e9 och Pia driver den h\u00e4r verksamheten som har en m\u00e5ngfald av aktiviteter i utbudet.\u00a0\u00c4ventyrscampen \u00e4r v\u00e5r samarbetspartner och kan erbjuda sina kunder en trevlig segelflygupplevelse.\u00a0N\u00e4rheten till \u00c4ventyrscampen\u00a0g\u00f6r ocks\u00e5 att m\u00e5ngen tr\u00f6tt pilot kan \u00f6vernatta med b\u00e4sta vandrarhemsstandard och varf\u00f6r inte en st\u00e4rkande frukost innan dagens flygningar.<\/p>\n\n\n\n<p><a class=\"\" href=\"http:\/\/www.aventyrscampen.se\">L\u00e4nk till \u00c4ventyrscampens hemsida.<\/a><\/p>\n","protected":false},"excerpt":{"rendered":"<p>Ren\u00e9 och Pia driver den h\u00e4r verksamheten som har en m\u00e5ngfald av aktiviteter i utbudet.\u00a0\u00c4ventyrscampen \u00e4r v\u00e5r samarbetspartner och kan erbjuda sina kunder en trevlig segelflygupplevelse.\u00a0N\u00e4rheten till \u00c4ventyrscampen\u00a0g\u00f6r ocks\u00e5 att m\u00e5ngen tr\u00f6tt pilot kan \u00f6vernatta med b\u00e4sta vandrarhemsstandard och varf\u00f6r inte en st\u00e4rkande frukost innan dagens flygningar. L\u00e4nk till \u00c4ventyrscampens hemsida.<\/p>\n","protected":false},"author":3,"featured_media":0,"parent":0,"menu_order":0,"comment_status":"closed","ping_status":"closed","template":"","meta":{"_kad_post_transparent":"","_kad_post_title":"","_kad_post_layout":"","_kad_post_sidebar_id":"","_kad_post_content_style":"","_kad_post_vertical_padding":"","_kad_post_feature":"","_kad_post_feature_position":"","_kad_post_header":false,"_kad_post_footer":false,"footnotes":""},"class_list":["post-121","page","type-page","status-publish","hentry"],"_links":{"self":[{"href":"https:\/\/www.msfk.nu\/index.php?rest_route=\/wp\/v2\/pages\/121","targetHints":{"allow":["GET"]}}],"collection":[{"href":"https:\/\/www.msfk.nu\/index.php?rest_route=\/wp\/v2\/pages"}],"about":[{"href":"https:\/\/www.msfk.nu\/index.php?rest_route=\/wp\/v2\/types\/page"}],"author":[{"embeddable":true,"href":"https:\/\/www.msfk.nu\/index.php?rest_route=\/wp\/v2\/users\/3"}],"replies":[{"embeddable":true,"href":"https:\/\/www.msfk.nu\/index.php?rest_route=%2Fwp%2Fv2%2Fcomments&post=121"}],"version-history":[{"count":1,"href":"https:\/\/www.msfk.nu\/index.php?rest_route=\/wp\/v2\/pages\/121\/revisions"}],"predecessor-version":[{"id":123,"href":"https:\/\/www.msfk.nu\/index.php?rest_route=\/wp\/v2\/pages\/121\/revisions\/123"}],"wp:attachment":[{"href":"https:\/\/www.msfk.nu\/index.php?rest_route=%2Fwp%2Fv2%2Fmedia&parent=121"}],"curies":[{"name":"wp","href":"https:\/\/api.w.org\/{rel}","templated":true}]}}