{"id":124,"date":"2022-12-12T17:57:47","date_gmt":"2022-12-12T16:57:47","guid":{"rendered":"https:\/\/www.msfk.nu\/?page_id=124"},"modified":"2022-12-12T17:57:47","modified_gmt":"2022-12-12T16:57:47","slug":"acro-flyers","status":"publish","type":"page","link":"https:\/\/www.msfk.nu\/?page_id=124","title":{"rendered":"Acro flyers"},"content":{"rendered":"<div class=\"wp-block-image\">\n<figure class=\"aligncenter\"><a class=\"\" href=\"http:\/\/www.acroflyers.se\/\"><img decoding=\"async\" src=\"https:\/\/www6.idrottonline.se\/globalassets\/malmo-sfk---flygsport\/bilder\/acrologo3.gif?w=162&amp;h=84\" alt=\"\"\/><\/a><\/figure><\/div>\n\n\n<p>Acroflyers modellflygklubb \u00e4r ocks\u00e5 lokaliserad p\u00e5 S\u00f6vdeborgs flygplats. Klubben har drygt 70 medlemmar och \u00e4r fr\u00e4mst aktiv inom radiostyrt motor &#8211; och segelflyg. Acroflyers flyger p\u00e5 tv\u00e5 godk\u00e4nda f\u00e4lt, ett p\u00e5 S\u00f6vde flygf\u00e4lt och ett i Fredriksberg \u00f6ster om Ystad. Det flygs livligt p\u00e5 b\u00e5da f\u00e4lten hela sommaren. Under sommarperioden har Acroflyers en v\u00e4lbes\u00f6kt grillafton varje fredag d\u00e5 det grillas, flygs och ljugs under trevliga former. F\u00f6r den som vill l\u00e4ra sig flyga radiostyrt har&nbsp;Acroflyers en stab med flygl\u00e4rare som st\u00e4ller upp och hj\u00e4lper till med b\u00e5de flygning och r\u00e5d.<\/p>\n\n\n\n<p>Acroflyers arrangerar vartannat \u00e5r en mycket v\u00e4lbes\u00f6kt modellflygdag. D\u00e5 vallf\u00e4rdar mer \u00e4n tusen m\u00e4nniskor fr\u00e5n n\u00e4r och fj\u00e4rran f\u00f6r att se modeller p\u00e5 marken och i luften.<\/p>\n\n\n\n<p><a class=\"\" href=\"http:\/\/www.acroflyers.se\/\">L\u00e4nk till Acroflyers hemsida<\/a><\/p>\n","protected":false},"excerpt":{"rendered":"<p>Acroflyers modellflygklubb \u00e4r ocks\u00e5 lokaliserad p\u00e5 S\u00f6vdeborgs flygplats. Klubben har drygt 70 medlemmar och \u00e4r fr\u00e4mst aktiv inom radiostyrt motor &#8211; och segelflyg. Acroflyers flyger p\u00e5 tv\u00e5 godk\u00e4nda f\u00e4lt, ett p\u00e5 S\u00f6vde flygf\u00e4lt och ett i Fredriksberg \u00f6ster om Ystad. Det flygs livligt p\u00e5 b\u00e5da f\u00e4lten hela sommaren. Under sommarperioden har Acroflyers en v\u00e4lbes\u00f6kt grillafton&#8230;<\/p>\n","protected":false},"author":3,"featured_media":0,"parent":0,"menu_order":0,"comment_status":"closed","ping_status":"closed","template":"","meta":{"_kad_post_transparent":"","_kad_post_title":"","_kad_post_layout":"","_kad_post_sidebar_id":"","_kad_post_content_style":"","_kad_post_vertical_padding":"","_kad_post_feature":"","_kad_post_feature_position":"","_kad_post_header":false,"_kad_post_footer":false,"footnotes":""},"class_list":["post-124","page","type-page","status-publish","hentry"],"_links":{"self":[{"href":"https:\/\/www.msfk.nu\/index.php?rest_route=\/wp\/v2\/pages\/124","targetHints":{"allow":["GET"]}}],"collection":[{"href":"https:\/\/www.msfk.nu\/index.php?rest_route=\/wp\/v2\/pages"}],"about":[{"href":"https:\/\/www.msfk.nu\/index.php?rest_route=\/wp\/v2\/types\/page"}],"author":[{"embeddable":true,"href":"https:\/\/www.msfk.nu\/index.php?rest_route=\/wp\/v2\/users\/3"}],"replies":[{"embeddable":true,"href":"https:\/\/www.msfk.nu\/index.php?rest_route=%2Fwp%2Fv2%2Fcomments&post=124"}],"version-history":[{"count":1,"href":"https:\/\/www.msfk.nu\/index.php?rest_route=\/wp\/v2\/pages\/124\/revisions"}],"predecessor-version":[{"id":125,"href":"https:\/\/www.msfk.nu\/index.php?rest_route=\/wp\/v2\/pages\/124\/revisions\/125"}],"wp:attachment":[{"href":"https:\/\/www.msfk.nu\/index.php?rest_route=%2Fwp%2Fv2%2Fmedia&parent=124"}],"curies":[{"name":"wp","href":"https:\/\/api.w.org\/{rel}","templated":true}]}}