{"id":14,"date":"2020-05-05T17:50:59","date_gmt":"2020-05-05T16:50:59","guid":{"rendered":"https:\/\/www.msfk.nu\/?page_id=14"},"modified":"2026-03-31T20:33:02","modified_gmt":"2026-03-31T19:33:02","slug":"home","status":"publish","type":"page","link":"https:\/\/www.msfk.nu\/","title":{"rendered":"Startsida"},"content":{"rendered":"\r\n<figure class=\"wp-block-table has-medium-font-size\">\r\n<h2 style=\"text-align: center;\">Info:<\/h2>\r\n<p style=\"text-align: center;\"><a href=\"https:\/\/www.msfk.nu\/?page_id=84\">Prova p\u00e5<\/a> eller p\u00e5b\u00f6rja din <a href=\"https:\/\/www.msfk.nu\/?page_id=82\">utbildning<\/a> redan idag!<br \/>Flygs\u00e4songen startar under p\u00e5skhelgen kom &amp; flyg!<\/p>\r\n<table class=\"has-fixed-layout\" style=\"height: 262px;\" width=\"772\">\r\n<tbody>\r\n<tr>\r\n<td class=\"has-text-align-center\" style=\"text-align: center;\" data-align=\"center\"><a href=\"https:\/\/www.msfk.nu\/?page_id=84\">Prova p\u00e5<\/a><\/td>\r\n<td class=\"has-text-align-center\" style=\"text-align: center;\" data-align=\"center\"><a href=\"https:\/\/www.msfk.nu\/?page_id=82\">Utbildning<\/a><\/td>\r\n<\/tr>\r\n<tr>\r\n<td class=\"has-text-align-center\" data-align=\"center\"><img loading=\"lazy\" decoding=\"async\" class=\"aligncenter wp-image-188 \" style=\"width: 353px;\" src=\"https:\/\/www.msfk.nu\/wp-content\/uploads\/2022\/12\/img_2212.jpg\" alt=\"\" width=\"365\" height=\"265\" \/><\/td>\r\n<td class=\"has-text-align-center\" data-align=\"center\"><img loading=\"lazy\" decoding=\"async\" class=\"size-full wp-image-192 aligncenter\" src=\"https:\/\/www.msfk.nu\/wp-content\/uploads\/2022\/12\/backgrd.gif\" alt=\"\" width=\"365\" height=\"274\" \/><\/td>\r\n<\/tr>\r\n<\/tbody>\r\n<\/table>\r\n<\/figure>\r\n","protected":false},"excerpt":{"rendered":"<p>Info: Prova p\u00e5 eller p\u00e5b\u00f6rja din utbildning redan idag!Flygs\u00e4songen startar under p\u00e5skhelgen kom &amp; flyg! Prova p\u00e5 Utbildning<\/p>\n","protected":false},"author":3,"featured_media":0,"parent":0,"menu_order":0,"comment_status":"closed","ping_status":"closed","template":"","meta":{"_kad_post_transparent":"default","_kad_post_title":"default","_kad_post_layout":"default","_kad_post_sidebar_id":"","_kad_post_content_style":"default","_kad_post_vertical_padding":"default","_kad_post_feature":"","_kad_post_feature_position":"","_kad_post_header":false,"_kad_post_footer":false,"footnotes":""},"class_list":["post-14","page","type-page","status-publish","hentry"],"_links":{"self":[{"href":"https:\/\/www.msfk.nu\/index.php?rest_route=\/wp\/v2\/pages\/14","targetHints":{"allow":["GET"]}}],"collection":[{"href":"https:\/\/www.msfk.nu\/index.php?rest_route=\/wp\/v2\/pages"}],"about":[{"href":"https:\/\/www.msfk.nu\/index.php?rest_route=\/wp\/v2\/types\/page"}],"author":[{"embeddable":true,"href":"https:\/\/www.msfk.nu\/index.php?rest_route=\/wp\/v2\/users\/3"}],"replies":[{"embeddable":true,"href":"https:\/\/www.msfk.nu\/index.php?rest_route=%2Fwp%2Fv2%2Fcomments&post=14"}],"version-history":[{"count":52,"href":"https:\/\/www.msfk.nu\/index.php?rest_route=\/wp\/v2\/pages\/14\/revisions"}],"predecessor-version":[{"id":317,"href":"https:\/\/www.msfk.nu\/index.php?rest_route=\/wp\/v2\/pages\/14\/revisions\/317"}],"wp:attachment":[{"href":"https:\/\/www.msfk.nu\/index.php?rest_route=%2Fwp%2Fv2%2Fmedia&parent=14"}],"curies":[{"name":"wp","href":"https:\/\/api.w.org\/{rel}","templated":true}]}}