{"id":16,"date":"2020-05-05T17:50:59","date_gmt":"2020-05-05T16:50:59","guid":{"rendered":"https:\/\/www.msfk.nu\/?page_id=16"},"modified":"2025-04-19T12:36:30","modified_gmt":"2025-04-19T11:36:30","slug":"contact","status":"publish","type":"page","link":"https:\/\/www.msfk.nu\/?page_id=16","title":{"rendered":"Kontakt"},"content":{"rendered":"\n<figure class=\"wp-block-table\"><table><tbody><tr><td>E-post:<\/td><td><a href=\"mailto:info@msfk.nu\">info@msfk.nu<\/a><\/td><td>&nbsp;<\/td><\/tr><tr><td>E-post ekonomi<\/td><td><a href=\"mailto:ekonomi@msfk.nu\">ekonomi@msfk.nu<\/a><\/td><td>&nbsp;<\/td><\/tr><tr><td>Telefon:<\/td><td>0766-516060<\/td><td>&nbsp;<\/td><\/tr><tr><td><a href=\"https:\/\/register.facebook.com\/malmo.segelflygklubb\"><strong>Facebook<\/strong><\/a> :<\/td><td>malmo.segelflygklubb<\/td><td>&nbsp;<\/td><\/tr><tr><td>Flygledaren:<\/td><td>0702-35 88 76<\/td><td>(n\u00e4r flygverksamhet p\u00e5g\u00e5r)<\/td><\/tr><tr><td>&nbsp;<\/td><td>&nbsp;<\/td><td>&nbsp;<\/td><\/tr><tr><td>Presentkort\/Provstart:<\/td><td>0766-516060<\/td><td><a href=\"mailto:boka@msfk.nu\">&nbsp;<\/a><\/td><\/tr><tr><td>&nbsp;<\/td><td>&nbsp;<\/td><td>&nbsp;<\/td><\/tr><tr><td>Segelflygchef:<\/td><td>Sten-\u00c5ke Bergman<\/td><td>0730-884060<\/td><\/tr><tr><td>Skolchef:<\/td><td>Ola Bjerke<\/td><td>070-5387587<\/td><\/tr><tr><td>Ordf\u00f6rande:<\/td><td>Lars Fredriksson<\/td><td>072-3418045<\/td><\/tr><tr><td>Kass\u00f6r:<\/td><td>Gunilla Sundberg<\/td><td><\/td><\/tr><tr><td>Sekreterare\/Debit\u00f6r:<\/td><td>Mikael Rydgren Olsson<\/td><td>076-2564056<\/td><\/tr><\/tbody><\/table><\/figure>\n\n\n\n<p>Organisations nummer: 846001-3355<\/p>\n\n\n\n<p><\/p>\n","protected":false},"excerpt":{"rendered":"<p>E-post: info@msfk.nu &nbsp; E-post ekonomi ekonomi@msfk.nu &nbsp; Telefon: 0766-516060 &nbsp; Facebook : malmo.segelflygklubb &nbsp; Flygledaren: 0702-35 88 76 (n\u00e4r flygverksamhet p\u00e5g\u00e5r) &nbsp; &nbsp; &nbsp; Presentkort\/Provstart: 0766-516060 &nbsp; &nbsp; &nbsp; &nbsp; Segelflygchef: Sten-\u00c5ke Bergman 0730-884060 Skolchef: Ola Bjerke 070-5387587 Ordf\u00f6rande: Lars Fredriksson 072-3418045 Kass\u00f6r: Gunilla Sundberg Sekreterare\/Debit\u00f6r: Mikael Rydgren Olsson 076-2564056 Organisations nummer: 846001-3355<\/p>\n","protected":false},"author":3,"featured_media":0,"parent":0,"menu_order":0,"comment_status":"closed","ping_status":"closed","template":"","meta":{"_kad_post_transparent":"","_kad_post_title":"","_kad_post_layout":"","_kad_post_sidebar_id":"","_kad_post_content_style":"","_kad_post_vertical_padding":"","_kad_post_feature":"","_kad_post_feature_position":"","_kad_post_header":false,"_kad_post_footer":false,"footnotes":""},"class_list":["post-16","page","type-page","status-publish","hentry"],"_links":{"self":[{"href":"https:\/\/www.msfk.nu\/index.php?rest_route=\/wp\/v2\/pages\/16","targetHints":{"allow":["GET"]}}],"collection":[{"href":"https:\/\/www.msfk.nu\/index.php?rest_route=\/wp\/v2\/pages"}],"about":[{"href":"https:\/\/www.msfk.nu\/index.php?rest_route=\/wp\/v2\/types\/page"}],"author":[{"embeddable":true,"href":"https:\/\/www.msfk.nu\/index.php?rest_route=\/wp\/v2\/users\/3"}],"replies":[{"embeddable":true,"href":"https:\/\/www.msfk.nu\/index.php?rest_route=%2Fwp%2Fv2%2Fcomments&post=16"}],"version-history":[{"count":9,"href":"https:\/\/www.msfk.nu\/index.php?rest_route=\/wp\/v2\/pages\/16\/revisions"}],"predecessor-version":[{"id":271,"href":"https:\/\/www.msfk.nu\/index.php?rest_route=\/wp\/v2\/pages\/16\/revisions\/271"}],"wp:attachment":[{"href":"https:\/\/www.msfk.nu\/index.php?rest_route=%2Fwp%2Fv2%2Fmedia&parent=16"}],"curies":[{"name":"wp","href":"https:\/\/api.w.org\/{rel}","templated":true}]}}