{"id":38,"date":"2020-05-05T17:53:39","date_gmt":"2020-05-05T16:53:39","guid":{"rendered":"https:\/\/www.msfk.nu\/?page_id=38"},"modified":"2026-03-31T20:38:38","modified_gmt":"2026-03-31T19:38:38","slug":"msfk","status":"publish","type":"page","link":"https:\/\/www.msfk.nu\/?page_id=38","title":{"rendered":"Prislista"},"content":{"rendered":"\n<h1 class=\"wp-block-heading\" id=\"ContentStart\">Medlemsavgifter och Flygkostnader<\/h1>\n\n\n\n<h4 class=\"wp-block-heading\">Prislista\u00a02026*<\/h4>\n\n\n\n<hr class=\"wp-block-separator has-alpha-channel-opacity\"\/>\n\n\n\n<p><strong>Medlemsavgift\/\u00e5r<\/strong>&nbsp;&nbsp;&nbsp;&nbsp;&nbsp;<\/p>\n\n\n\n<figure class=\"wp-block-table\"><table><tbody><tr><td>Huvudmedlem Senior ( &gt;25 \u00e5r )<\/td><td>1 950 kr<\/td><\/tr><tr><td>Huvudmedlem Junior ( &lt;25 \u00e5r )<\/td><td>950 kr<\/td><\/tr><tr><td>G\u00e4stmedlem Senior<\/td><td>700 kr<\/td><\/tr><tr><td>G\u00e4stmedlem Junior<\/td><td>350 kr<\/td><\/tr><tr><td>Dagmedlem*<\/td><td>100 kr\/dag<\/td><\/tr><tr><td>Support Senior<\/td><td>200 kr<\/td><\/tr><tr><td>Support Junior<\/td><td>100 kr<\/td><\/tr><\/tbody><\/table><\/figure>\n\n\n\n<hr class=\"wp-block-separator has-alpha-channel-opacity\"\/>\n\n\n\n<p><strong>Flygpaketet<\/strong><\/p>\n\n\n\n<figure class=\"wp-block-table\"><table><tbody><tr><td>Segelflyg<\/td><td>3 500 kr<\/td><\/tr><\/tbody><\/table><\/figure>\n\n\n\n<figure class=\"wp-block-table\"><table><tbody><tr><td><strong>Segelflyg<\/strong><\/td><td><strong>Med flygpaketet<\/strong><\/td><td><strong>Utan flygpaketet<\/strong><\/td><\/tr><tr><td>Friflygning<\/td><td>120 kr\/tim<\/td><td>720 kr\/tim<\/td><\/tr><tr><td>Bogsering<\/td><td>35 kr\/min<\/td><td>45 kr\/min<\/td><\/tr><tr><td>&nbsp;<\/td><td>&nbsp;<\/td><td>&nbsp;<\/td><\/tr><\/tbody><\/table><\/figure>\n\n\n\n<figure class=\"wp-block-table\"><table><tbody><tr><td><strong>TMG UBK<\/strong><\/td><td><strong>&nbsp;Med flygpaketet<\/strong><\/td><td>&nbsp;<strong>Utan Flygpaketet<\/strong><\/td><\/tr><tr><td>Friflygning<\/td><td>&nbsp;750 kr\/tim<\/td><td>&nbsp;750 kr\/tim<\/td><\/tr><tr><td>Skolning<\/td><td>&nbsp;850 kr\/tim<\/td><td>&nbsp;850 kr\/tim<\/td><\/tr><\/tbody><\/table><figcaption class=\"wp-element-caption\">*L\u00e4rararvode tillkommer vid skolning, priserna kan komma att f\u00f6r\u00e4ndras<\/figcaption><\/figure>\n\n\n\n<hr class=\"wp-block-separator has-alpha-channel-opacity\"\/>\n\n\n\n<h4 class=\"wp-block-heading\">Motorflygning<\/h4>\n\n\n\n<figure class=\"wp-block-table\"><table><tbody><tr><td>Rallye, SE-MBU<\/td><td>1050 kr\/tim<\/td><\/tr><\/tbody><\/table><\/figure>\n\n\n\n<hr class=\"wp-block-separator has-alpha-channel-opacity\"\/>\n\n\n\n<p><strong>Provstarter \/ Presentkortsflygning<\/strong>&nbsp;&nbsp;<\/p>\n\n\n\n<figure class=\"wp-block-table\"><table><tbody><tr><td>Tidsbest\u00e4lld provstart med l\u00e4rare<\/td><td>1 800 kr<\/td><\/tr><tr><td>F\u00f6r fler alternativ g\u00e5 till <a href=\"https:\/\/www.msfk.nu\/?page_id=84\" data-type=\"page\" data-id=\"84\">denna <\/a>sidan<\/td><td><\/td><\/tr><\/tbody><\/table><\/figure>\n\n\n\n<hr class=\"wp-block-separator has-alpha-channel-opacity\"\/>\n\n\n\n<p><strong>\u00d6vriga kostnader<\/strong>&nbsp;<\/p>\n\n\n\n<figure class=\"wp-block-table\"><table><tbody><tr><td>Pricklandning<\/td><td>300 kr\/sl\u00e4p&nbsp;<\/td><\/tr><tr><td>&nbsp;Ferry bogsering<\/td><td>&nbsp;1250 kr\/h*<\/td><\/tr><tr><td>&nbsp;<\/td><td>&nbsp;*Plus eventuella kostnader<\/td><\/tr><\/tbody><\/table><\/figure>\n\n\n\n<p><\/p>\n\n\n\n<p>*Dagmedlemskap g\u00e4ller f\u00f6r de som \u00e4r huvudmedlemmar i en annan klubb och vill flyga hos oss n\u00e5gon enstaka dag, efter 7 dagar blir man fullv\u00e4rdig g\u00e4stmedlem. Dagmedlemskap ing\u00e5r f\u00f6r de som provar p\u00e5.<\/p>\n\n\n\n<h2 class=\"wp-block-heading\">Betals\u00e4tt:<\/h2>\n\n\n\n<p>Bankgiro:<br>122-5226<\/p>\n\n\n\n<p>IBAN:<br>SE35 8000 0831 3953 4086 7984<br>BIC SWEDSESS<\/p>\n\n\n\n<p>Swish:<br>123 350 62 43<\/p>\n","protected":false},"excerpt":{"rendered":"<p>Medlemsavgifter och Flygkostnader Prislista\u00a02026* Medlemsavgift\/\u00e5r&nbsp;&nbsp;&nbsp;&nbsp;&nbsp; Huvudmedlem Senior ( &gt;25 \u00e5r ) 1 950 kr Huvudmedlem Junior ( &lt;25 \u00e5r ) 950 kr G\u00e4stmedlem Senior 700 kr G\u00e4stmedlem Junior 350 kr Dagmedlem* 100 kr\/dag Support Senior 200 kr Support Junior 100 kr Flygpaketet Segelflyg 3 500 kr Segelflyg Med flygpaketet Utan flygpaketet Friflygning 120 kr\/tim 720&#8230;<\/p>\n","protected":false},"author":3,"featured_media":0,"parent":0,"menu_order":0,"comment_status":"closed","ping_status":"closed","template":"","meta":{"_kad_post_transparent":"","_kad_post_title":"","_kad_post_layout":"","_kad_post_sidebar_id":"","_kad_post_content_style":"","_kad_post_vertical_padding":"","_kad_post_feature":"","_kad_post_feature_position":"","_kad_post_header":false,"_kad_post_footer":false,"footnotes":""},"class_list":["post-38","page","type-page","status-publish","hentry"],"_links":{"self":[{"href":"https:\/\/www.msfk.nu\/index.php?rest_route=\/wp\/v2\/pages\/38","targetHints":{"allow":["GET"]}}],"collection":[{"href":"https:\/\/www.msfk.nu\/index.php?rest_route=\/wp\/v2\/pages"}],"about":[{"href":"https:\/\/www.msfk.nu\/index.php?rest_route=\/wp\/v2\/types\/page"}],"author":[{"embeddable":true,"href":"https:\/\/www.msfk.nu\/index.php?rest_route=\/wp\/v2\/users\/3"}],"replies":[{"embeddable":true,"href":"https:\/\/www.msfk.nu\/index.php?rest_route=%2Fwp%2Fv2%2Fcomments&post=38"}],"version-history":[{"count":11,"href":"https:\/\/www.msfk.nu\/index.php?rest_route=\/wp\/v2\/pages\/38\/revisions"}],"predecessor-version":[{"id":319,"href":"https:\/\/www.msfk.nu\/index.php?rest_route=\/wp\/v2\/pages\/38\/revisions\/319"}],"wp:attachment":[{"href":"https:\/\/www.msfk.nu\/index.php?rest_route=%2Fwp%2Fv2%2Fmedia&parent=38"}],"curies":[{"name":"wp","href":"https:\/\/api.w.org\/{rel}","templated":true}]}}