{"id":42,"date":"2020-05-05T17:55:25","date_gmt":"2020-05-05T16:55:25","guid":{"rendered":"https:\/\/www.msfk.nu\/?page_id=42"},"modified":"2022-12-28T20:56:41","modified_gmt":"2022-12-28T19:56:41","slug":"besokare","status":"publish","type":"page","link":"https:\/\/www.msfk.nu\/?page_id=42","title":{"rendered":"Bes\u00f6kande"},"content":{"rendered":"\n<figure class=\"wp-block-image size-large\"><img loading=\"lazy\" decoding=\"async\" width=\"1024\" height=\"748\" src=\"https:\/\/www.msfk.nu\/wp-content\/uploads\/2022\/12\/karta-1024x748.png\" alt=\"\" class=\"wp-image-185\" srcset=\"https:\/\/www.msfk.nu\/wp-content\/uploads\/2022\/12\/karta-1024x748.png 1024w, https:\/\/www.msfk.nu\/wp-content\/uploads\/2022\/12\/karta-300x219.png 300w, https:\/\/www.msfk.nu\/wp-content\/uploads\/2022\/12\/karta-768x561.png 768w, https:\/\/www.msfk.nu\/wp-content\/uploads\/2022\/12\/karta.png 1256w\" sizes=\"auto, (max-width: 1024px) 100vw, 1024px\" \/><\/figure>\n\n\n\n<p><strong>Fr\u00e5n Malm\u00f6 v\u00e4g 11 \u00f6ver Dalby-Veber\u00f6d:<\/strong><br>Efter avtagsv\u00e4gen mot \u00d6vedskloster s\u00e5 kommer Du ut p\u00e5 den l\u00e5nga rakan strax f\u00f6re Sj\u00f6bo<\/p>\n\n\n\n<p>samh\u00e4lle. Tag av till h\u00f6ger vid v\u00e4gskylten Ilstorp.<\/p>\n\n\n\n<p>Efter ca 4 km s\u00e5 tar Du av till h\u00f6ger vid v\u00e4gskylten Sj\u00f6bo Flygplats.<\/p>\n\n\n\n<p>Efter ytterligare ca 1,5 km har Du flygf\u00e4ltet p\u00e5 h\u00f6ger sida.<\/p>\n\n\n\n<p>Infart vid skylten Segelflyg. Forts\u00e4tt <strong>rakt fram<\/strong> till v\u00e5r hangar p\u00e5 grusv\u00e4gen ca 200 m.<br>\u00a0<br><strong>Fr\u00e5n Malm\u00f6 v\u00e4g E65 via Skurup, Stenberget:<\/strong><br>Tag av E65 vid Skurup och k\u00f6r norrut v\u00e4g 102 mot Veber\u00f6d. Efter ca 7 km, vid<\/p>\n\n\n\n<p>Stenberget, ta av till h\u00f6ger vid v\u00e4gskylten Blentarp. I Blentarp k\u00f6r f\u00f6rst h\u00f6ger<\/p>\n\n\n\n<p>mot xxx och omedelbart d\u00e4refter, vid Blentarps Kyrka, till v\u00e4nster mot S\u00f6vde.<\/p>\n\n\n\n<p>K\u00f6r igenom S\u00f6vde samh\u00e4lle. Vid n\u00e4sta v\u00e4gkors tag till v\u00e4nster mot Sj\u00f6bo.<\/p>\n\n\n\n<p>Efter ca 6-700 m har Du flygf\u00e4ltet p\u00e5 v\u00e4nster sida. Infart vid skylten Segelflyg.<\/p>\n\n\n\n<p>Forts\u00e4tt <strong>rakt fram<\/strong> till v\u00e5r hangar p\u00e5 grusv\u00e4gen ca 200 m.<\/p>\n\n\n\n<p><strong>Fr\u00e5n Ystad&nbsp; &#8211;&nbsp; v\u00e4g 13 :<br><\/strong>Efter \u201dflygrakan\u201d strax s\u00f6der Sj\u00f6bo tag till v\u00e4nster vid v\u00e4gskylten Ilstorp \/Sj\u00f6bo flygplats.<\/p>\n\n\n\n<p>Efter ytterligare ca 1 km tag till v\u00e4nster vid v\u00e4gskylten Sj\u00f6bo Flygplats. Efter ytterligare<\/p>\n\n\n\n<p>ca 1,5 km har Du flygf\u00e4ltet p\u00e5 h\u00f6ger sida.&nbsp; Infart vid skylten Segelflyg.<\/p>\n\n\n\n<p>Forts\u00e4tt <strong>rakt fram<\/strong> till v\u00e5r hangar p\u00e5 grusv\u00e4gen ca 200 m.<\/p>\n\n\n\n<p><strong>Fr\u00e5n Simrishamn&nbsp; &#8211;&nbsp; v\u00e4g 11:<br><\/strong>I rondellen s\u00f6der om Sj\u00f6bo tar Du till v\u00e4nster mot Ystad. Efter ca 1 km tar Du till h\u00f6ger<\/p>\n\n\n\n<p>vid v\u00e4gskylten Ilstorp \/ Sj\u00f6bo Flygplats. Efter ytterligare ca 1 km tag till v\u00e4nster vid<\/p>\n\n\n\n<p>v\u00e4gskylten Sj\u00f6bo Flygplats. Efter ytterligare ca 1,5 km har Du flygf\u00e4ltet p\u00e5 h\u00f6ger sida.<\/p>\n\n\n\n<p>Infart vid skylten Segelflyg. Forts\u00e4tt <strong>rakt fram<\/strong> till v\u00e5r hangar p\u00e5 grusv\u00e4gen ca 200 m.\u00a0<\/p>\n\n\n\n<p><strong>Fr\u00e5n H\u00f6rby v\u00e4g 13:<\/strong><br>Forts\u00e4tt v\u00e4g 13 f\u00f6rbi Sj\u00f6bo till rondellen s\u00f6der om samh\u00e4llet d\u00e4r Du forts\u00e4tter mot Ystad.<br>Ca 1 km efter rondellen tag av till h\u00f6ger vid v\u00e4gskylten Sj\u00f6bo Flygplats.<\/p>\n\n\n\n<p>Efter ytterligare ca 1 km tag till v\u00e4nster vid v\u00e4gskylten Sj\u00f6bo Flygplats.<\/p>\n\n\n\n<p>Efter ytterligare ca 1,5 km har Du flygf\u00e4ltet p\u00e5 h\u00f6ger sida. Infart vid skylten Segelflyg.<\/p>\n\n\n\n<p>Forts\u00e4tt <strong>rakt fram<\/strong> till v\u00e5r hangar p\u00e5 grusv\u00e4gen ca 200 m.<\/p>\n\n\n\n<p><\/p>\n\n\n\n<p><\/p>\n","protected":false},"excerpt":{"rendered":"<p>Fr\u00e5n Malm\u00f6 v\u00e4g 11 \u00f6ver Dalby-Veber\u00f6d:Efter avtagsv\u00e4gen mot \u00d6vedskloster s\u00e5 kommer Du ut p\u00e5 den l\u00e5nga rakan strax f\u00f6re Sj\u00f6bo samh\u00e4lle. Tag av till h\u00f6ger vid v\u00e4gskylten Ilstorp. Efter ca 4 km s\u00e5 tar Du av till h\u00f6ger vid v\u00e4gskylten Sj\u00f6bo Flygplats. Efter ytterligare ca 1,5 km har Du flygf\u00e4ltet p\u00e5 h\u00f6ger sida. Infart vid&#8230;<\/p>\n","protected":false},"author":3,"featured_media":0,"parent":0,"menu_order":0,"comment_status":"closed","ping_status":"closed","template":"","meta":{"_kad_post_transparent":"","_kad_post_title":"","_kad_post_layout":"","_kad_post_sidebar_id":"","_kad_post_content_style":"","_kad_post_vertical_padding":"","_kad_post_feature":"","_kad_post_feature_position":"","_kad_post_header":false,"_kad_post_footer":false,"footnotes":""},"class_list":["post-42","page","type-page","status-publish","hentry"],"_links":{"self":[{"href":"https:\/\/www.msfk.nu\/index.php?rest_route=\/wp\/v2\/pages\/42","targetHints":{"allow":["GET"]}}],"collection":[{"href":"https:\/\/www.msfk.nu\/index.php?rest_route=\/wp\/v2\/pages"}],"about":[{"href":"https:\/\/www.msfk.nu\/index.php?rest_route=\/wp\/v2\/types\/page"}],"author":[{"embeddable":true,"href":"https:\/\/www.msfk.nu\/index.php?rest_route=\/wp\/v2\/users\/3"}],"replies":[{"embeddable":true,"href":"https:\/\/www.msfk.nu\/index.php?rest_route=%2Fwp%2Fv2%2Fcomments&post=42"}],"version-history":[{"count":4,"href":"https:\/\/www.msfk.nu\/index.php?rest_route=\/wp\/v2\/pages\/42\/revisions"}],"predecessor-version":[{"id":186,"href":"https:\/\/www.msfk.nu\/index.php?rest_route=\/wp\/v2\/pages\/42\/revisions\/186"}],"wp:attachment":[{"href":"https:\/\/www.msfk.nu\/index.php?rest_route=%2Fwp%2Fv2%2Fmedia&parent=42"}],"curies":[{"name":"wp","href":"https:\/\/api.w.org\/{rel}","templated":true}]}}