{"id":82,"date":"2022-12-11T20:32:51","date_gmt":"2022-12-11T19:32:51","guid":{"rendered":"https:\/\/www.msfk.nu\/?page_id=82"},"modified":"2026-03-31T20:29:45","modified_gmt":"2026-03-31T19:29:45","slug":"utbildning","status":"publish","type":"page","link":"https:\/\/www.msfk.nu\/?page_id=82","title":{"rendered":"Utbildning"},"content":{"rendered":"\n<h1 class=\"wp-block-heading\" id=\"ContentStart\"><\/h1>\n\n\n\n<h2 class=\"wp-block-heading\">MSFK kan erbjuda f\u00f6ljande utbildningar:<\/h2>\n\n\n\n<h2 class=\"wp-block-heading\">&#8211;\u00a0Segelflyg (S) med flygbogsering<br>&#8211; Motorsegelflyg (TMG)<br><\/h2>\n\n\n\n<h2 class=\"wp-block-heading\">&#8211; Bogserf\u00f6rarutbildning f\u00f6r innehavare av PPL och LAPL (A).<br>&#8211; Teori med radiotelefoni<\/h2>\n\n\n\n<h2 class=\"wp-block-heading\">F\u00f6r information kontakta v\u00e5r skolchef:<\/h2>\n\n\n\n<p><strong>Skolchef:<\/strong> Ola Bjerke tel: 070-5387587 mail: <a href=\"mailto:ola.ba.bjerke@gmail.com\">ola.ba.bjerke@gmail.com<\/a><\/p>\n\n\n\n<p>F\u00f6rverkliga Din dr\u00f6m &#8211;&nbsp;bli pilot!&nbsp;<\/p>\n\n\n\n<p>V\u00e4gen fram till Ditt segelflygcertifikat kan enklast delas in i tre etapper:<\/p>\n\n\n\n<p>Etapp 1:&nbsp;&nbsp; C-diplom&nbsp;&nbsp;&nbsp;&nbsp;&nbsp;&nbsp; inneb\u00e4r att Du gjort Dina f\u00f6rsta ensamflygningar<\/p>\n\n\n\n<p>Etapp 2:&nbsp;&nbsp;&nbsp;EK-bevis&nbsp;&nbsp;&nbsp;&nbsp;&nbsp;&nbsp; &nbsp;inneb\u00e4r att Du f\u00e5r flyga ensam under l\u00e4rares tillsyn<\/p>\n\n\n\n<p>Etapp 3:&nbsp;&nbsp; S-certifikat&nbsp;&nbsp; &nbsp;&nbsp;inneb\u00e4r efter uppn\u00e5dd beh\u00f6righet att Du flyger&nbsp;<br>&nbsp;&nbsp;&nbsp;&nbsp;&nbsp;&nbsp;&nbsp;&nbsp;&nbsp;&nbsp;&nbsp;&nbsp;&nbsp;&nbsp;&nbsp;&nbsp;&nbsp;&nbsp;&nbsp;&nbsp;&nbsp;&nbsp;&nbsp;&nbsp;&nbsp;&nbsp;&nbsp;&nbsp;&nbsp;&nbsp;&nbsp;&nbsp;&nbsp;&nbsp;&nbsp;under eget ansvar och f\u00e5r ta med passagerare<\/p>\n\n\n\n<hr class=\"wp-block-separator has-alpha-channel-opacity\"\/>\n\n\n\n<figure class=\"wp-block-image size-full\"><img loading=\"lazy\" decoding=\"async\" width=\"224\" height=\"177\" src=\"https:\/\/www.msfk.nu\/wp-content\/uploads\/2022\/12\/martin_nortoft_nedflygn.jpg\" alt=\"\" class=\"wp-image-180\"\/><\/figure>\n\n\n\n<p>Skolflygningarnas f\u00f6rsta starter sker i motorseglare med dubbel-kommando och med flygl\u00e4raren vid\u00a0sidan om dig. I denna f\u00f6rsta fas l\u00e4r du\u00a0dig att starta och landa,\u00a0rodrens prim\u00e4ra verkan, farth\u00e5llning, att sv\u00e4nga samt trafikprocedurer i samband med landning.<br>Efter dessa f\u00f6rsta starter forts\u00e4tter skolningen p\u00e5 ett klassiskt segelflygplan.<br>N\u00e4r Du har er\u00f6vrat Ditt C-diplom i klassiskt segelflyg har du gjort minst 3<br>ensamflygningar. Din f\u00f6rsta ensamflygning \u00e4r en h\u00e4ndelse som du kommer<br>att minnas f\u00f6r livet.<\/p>\n\n\n\n<p>D\u00e4refter sker \u00f6vningarna omv\u00e4xlande som ensamflygningar och i dubbel-kommando med l\u00e4rare. Nu blir \u00f6vningarna mer avancerade och du f\u00e5r bl.a. l\u00e4ra\u00a0dig\u00a0stall-, vikning- och spinn\u00f6vningar som syftar till att du skall kunna flyga s\u00e4kert och med omd\u00f6me. Du f\u00e5 ocks\u00e5 l\u00e4ra\u00a0Dig att flyga termik vilket \u00e4r segelflygningens &#8221;motor&#8221;.<\/p>\n\n\n\n<p>I de avslutande \u00f6vningarna i S-cert-utbildningen f\u00e5r du l\u00e4ra\u00a0dig att flyga fr\u00e5n start till landning med \u00f6vert\u00e4ckta instrument f\u00f6r att du visuellt och med fartljud skall l\u00e4ra dig att bed\u00f6ma\u00a0fart och h\u00f6jd.\u00a0Du f\u00e5 ocks\u00e5 bed\u00f6ma och tr\u00e4na p\u00e5 utelandning d.v.s. att landa p\u00e5 annat f\u00e4lt \u00e4n hemmaf\u00e4ltet.<\/p>\n\n\n\n<p>Den sista och avslutande \u00f6vningen inf\u00f6r segelflygcertifikatet \u00e4r att flyga med passagerare. Passageraren \u00e4r d\u00e5 inte din ordinarie l\u00e4rare utan n\u00e5gon annan instrukt\u00f6r\/tr\u00e4nare som spelar passagerare.<\/p>\n\n\n\n<p>Det viktigaste f\u00f6r att Du skall lyckas \u00e4r att Du har ett genuint flygintresse och vilja. Framf\u00f6r allt segelflygning \u00e4r roligt!<\/p>\n\n\n\n<p>Flygskolningen fram till segelflygcertifikat omfattar 56 lektioner. Vissa av lektionerna kan komma att utf\u00f6ras med motorseglare.<br>Minst 20 tim flygtid skall uppn\u00e5s varav 5 tim sker under ensamflygning.<\/p>\n\n\n\n<p>Teorin omfattar bl.a. Flygning teori, Flygl\u00e4ra, Best\u00e4mmelser, Aerodynamik, Meteorologi, Flygmedicin, Navigation, Instrumentl\u00e4ra och Radiokommunikation.<\/p>\n\n\n\n<p>L\u00e4s g\u00e4rna mer p\u00e5 <a href=\"https:\/\/segelflyget.se\/grenar\/segelflyg\/segelflyget\/verksamhet\/utbildning\/bli-segelflygare\">Segelflygets <\/a>sida d\u00e4r finns mycket intressant information.<\/p>\n\n\n\n<hr class=\"wp-block-separator has-alpha-channel-opacity\"\/>\n\n\n\n<p><strong>Det \u00e4r efter erh\u00e5llet S-certifikat som Ditt segelflygarliv b\u00f6rjar p\u00e5 allvar. Allt efter Ditt intresse och l\u00e4ggning s\u00e5 kan Du&nbsp;forts\u00e4tta Din utbildning f\u00f6r ytterligare&nbsp;beh\u00f6righeter:<\/strong><\/p>\n\n\n\n<ul class=\"wp-block-list\">\n<li><strong>T\u00e4vlingsflygning<\/strong><\/li>\n\n\n\n<li><strong>Motorsegelflygplan<\/strong><\/li>\n\n\n\n<li><strong>IMC-utbildning = tillst\u00e5nd att molnflyga<\/strong><\/li>\n\n\n\n<li><strong>AVA = tillst\u00e5nd att utf\u00f6ra avancerad flygning<\/strong><\/li>\n\n\n\n<li><strong>Steg 2 och 3 tr\u00e4nare<\/strong><\/li>\n\n\n\n<li><strong>Segelflyginstrukt\u00f6r<\/strong><\/li>\n\n\n\n<li><strong>Segelflygl\u00e4rare<\/strong><\/li>\n\n\n\n<li><strong>Segelflygtekniker<\/strong><\/li>\n<\/ul>\n\n\n\n<hr class=\"wp-block-separator has-alpha-channel-opacity\"\/>\n\n\n\n<h2 class=\"wp-block-heading\">Avgifter S-certifikat<\/h2>\n\n\n\n<figure class=\"wp-block-table\"><table><tbody><tr><td>Flygskolning (60 starter) kalkylpris<\/td><td>ca 30 000 kr<\/td><\/tr><\/tbody><\/table><\/figure>\n\n\n\n<p>F\u00f6r att b\u00f6rja flyga r\u00e4cker det att bli medlem! Att b\u00f6rja flyga som elev \u00e4r inte bindande, flygningarna betalas efterhand, skulle du mot f\u00f6rmodan komma p\u00e5 att segelflyg inte \u00e4r n\u00e5got f\u00f6r dig g\u00e5r det bra att hoppa av n\u00e4r som helst, \u00e4r du trots det os\u00e4ker g\u00e5r det alltid att <a href=\"https:\/\/www.msfk.nu\/?page_id=84\" data-type=\"page\" data-id=\"84\">prova p\u00e5<\/a> f\u00f6rst.<\/p>\n\n\n\n<figure class=\"wp-block-image size-full\"><img loading=\"lazy\" decoding=\"async\" width=\"640\" height=\"480\" src=\"https:\/\/www.msfk.nu\/wp-content\/uploads\/2022\/12\/rotation-of-p4120051.jpg\" alt=\"\" class=\"wp-image-181\" srcset=\"https:\/\/www.msfk.nu\/wp-content\/uploads\/2022\/12\/rotation-of-p4120051.jpg 640w, https:\/\/www.msfk.nu\/wp-content\/uploads\/2022\/12\/rotation-of-p4120051-300x225.jpg 300w\" sizes=\"auto, (max-width: 640px) 100vw, 640px\" \/><\/figure>\n","protected":false},"excerpt":{"rendered":"<p>MSFK kan erbjuda f\u00f6ljande utbildningar: &#8211;\u00a0Segelflyg (S) med flygbogsering&#8211; Motorsegelflyg (TMG) &#8211; Bogserf\u00f6rarutbildning f\u00f6r innehavare av PPL och LAPL (A).&#8211; Teori med radiotelefoni F\u00f6r information kontakta v\u00e5r skolchef: Skolchef: Ola Bjerke tel: 070-5387587 mail: ola.ba.bjerke@gmail.com F\u00f6rverkliga Din dr\u00f6m &#8211;&nbsp;bli pilot!&nbsp; V\u00e4gen fram till Ditt segelflygcertifikat kan enklast delas in i tre etapper: Etapp 1:&nbsp;&nbsp; C-diplom&nbsp;&nbsp;&nbsp;&nbsp;&nbsp;&nbsp;&#8230;<\/p>\n","protected":false},"author":3,"featured_media":0,"parent":0,"menu_order":0,"comment_status":"closed","ping_status":"closed","template":"","meta":{"_kad_post_transparent":"","_kad_post_title":"","_kad_post_layout":"","_kad_post_sidebar_id":"","_kad_post_content_style":"","_kad_post_vertical_padding":"","_kad_post_feature":"","_kad_post_feature_position":"","_kad_post_header":false,"_kad_post_footer":false,"footnotes":""},"class_list":["post-82","page","type-page","status-publish","hentry"],"_links":{"self":[{"href":"https:\/\/www.msfk.nu\/index.php?rest_route=\/wp\/v2\/pages\/82","targetHints":{"allow":["GET"]}}],"collection":[{"href":"https:\/\/www.msfk.nu\/index.php?rest_route=\/wp\/v2\/pages"}],"about":[{"href":"https:\/\/www.msfk.nu\/index.php?rest_route=\/wp\/v2\/types\/page"}],"author":[{"embeddable":true,"href":"https:\/\/www.msfk.nu\/index.php?rest_route=\/wp\/v2\/users\/3"}],"replies":[{"embeddable":true,"href":"https:\/\/www.msfk.nu\/index.php?rest_route=%2Fwp%2Fv2%2Fcomments&post=82"}],"version-history":[{"count":8,"href":"https:\/\/www.msfk.nu\/index.php?rest_route=\/wp\/v2\/pages\/82\/revisions"}],"predecessor-version":[{"id":316,"href":"https:\/\/www.msfk.nu\/index.php?rest_route=\/wp\/v2\/pages\/82\/revisions\/316"}],"wp:attachment":[{"href":"https:\/\/www.msfk.nu\/index.php?rest_route=%2Fwp%2Fv2%2Fmedia&parent=82"}],"curies":[{"name":"wp","href":"https:\/\/api.w.org\/{rel}","templated":true}]}}